{"id":244,"date":"2025-11-13T14:53:32","date_gmt":"2025-11-13T14:53:32","guid":{"rendered":"https:\/\/castelulmaria.ro\/?page_id=244"},"modified":"2026-01-28T12:32:01","modified_gmt":"2026-01-28T10:32:01","slug":"scrie-ne","status":"publish","type":"page","link":"https:\/\/castelulmaria.ro\/en\/scrie-ne\/","title":{"rendered":"Write to us"},"content":{"rendered":"<h3>Enter a fairytale land<\/h3>\n<p>To reach these fairytale lands, please do not hesitate to contact us using the form below.<\/p>\n<h3>Contact info<\/h3>\n<p>\u00a0Adress: 20 Banpotoc, county Hunedoara<\/p>\n<p>Phone: <a href=\"tel:0040254260000\">+40 (254) 260 000<\/a> \/ <a href=\"tel:0040722382212\">+40 (722) 382 212<\/a><\/p>\n<p>Email: luminita.castelulmaria@gmail.com <\/p>\n\t<iframe src=\"https:\/\/www.google.com\/maps\/embed\/v1\/place?q=Vila+castelul+maria%2C+banpotoc%2C+romania&#038;key=AIzaSyD09zQ9PNDNNy9TadMuzRV_UsPUoWKntt8\" aria-hidden=\"true\"><\/iframe>\n\t<h3>Where can you find us?<\/h3>\n<p>Villa Castelul Maria is located in the village of Banpotoc, on the Varmaga River valley, in a unique natural setting, yet only 18 km from Deva Fortress, 21 km from Huniazilor Castle, and just 6 km from Simeria Arboretum.<\/p>\n<h3>\nHow can you find us?<\/h3>\nBy car:<br \/>\n1. From the Sibiu highway, exit at Simeria, take the first right at the roundabout, and you will reach DN7. Before OMV Simeria, there is a traffic light. Turn right at the traffic light and enter the town of Simeria.<br \/>\n2. From DN7, coming from Arad, after OMV Simeria there is a traffic light. Turn left at the traffic light and enter the town of Simeria.<br \/>\nTraversa\u021bi ora\u0219ul (se trece peste un pod peste calea ferat\u0103, strada principal\u0103 face la un moment dat o curb\u0103 la dreapta) merg\u00e2nd doar pe drumul principal. C\u00e2nd ie\u0219i\u021bi din Simeria cobor\u00e2\u021bi o pant\u0103, trece\u021bi din nou un pod (ceva foarte mic) cu semn cedare prioritate, mai merge\u021bi un kilometru \u0219i ajunge\u021bi la podul peste Mure\u0219 (\u00eenainte de acesta ve\u021bi vedea piloni de la autostrad\u0103). Trece\u021bi podul peste Mure\u0219 \u0219i sunte\u021bi \u00een satul Uroi. Avem un indicator chiar imediat dup\u0103 pod care v\u0103 indeamn\u0103 s\u0103 merge\u021bi la st\u00e2nga \u00eenc\u0103 4 km. Face\u021bi st\u00e2nga, urm\u0103torul sat este C\u0103rpini\u0219 prin care nu intra\u021bi (este \u00eentr-o curb\u0103), urca\u021bi apoi un deal, cobor\u00e2\u021bi dealul \u0219i imediat c\u00e2nd a\u021bi cobor\u00e2t la dreapta este satul Banpotoc. \u00cen sat avem indicatoare pe st\u00e2lpii electrici. De la drumul na\u021bional mai sunt \u00een jur de 7 km p\u00e2n\u0103 \u00een curtea vilei, iar \u00een caz c\u0103 nu reu\u0219i\u021bi, suntem aici s\u0103 v\u0103 \u00eendrum\u0103m.\nCu trenul:<br \/>\nLua\u021bi un bilet p\u00e2n\u0103 \u00een gara Simeria, important nod de cale ferat\u0103, de aici mai parcurge\u021bi \u00eenc\u0103 6 km cu un taxi.\nCu avionul:<br \/>\nDistances to airports are: Sibiu 110 km, Cluj 170 km, Timi\u0219oara 160 km, Arad 170 km\n<p>&nbsp;<\/p>\n\t<h2>How did others experience their stay?<\/h2>","protected":false},"excerpt":{"rendered":"<p>P\u0103\u0219i\u021bi pe un t\u0103r\u00e2m de basm! Pentru a ajunge pe aceste meleaguri de poveste, nu ezita\u021bi s\u0103 ne contacta\u021bi folosind formularul al\u0103turat. Date de contact \u00a0Adresa: Banpotoc, Deva, Hunedoara Telefon: +40 (254) 260 000 \/ +40 (722) 382 212 Email: luminita.castelulmaria@gmail.com Unde ne g\u0103si\u021bi? Vila Castelul Maria se afl\u0103 \u00een satul Banpotoc, pe valea r\u00e2ului&hellip;<\/p>","protected":false},"author":1,"featured_media":114,"parent":0,"menu_order":0,"comment_status":"closed","ping_status":"closed","template":"","meta":{"footnotes":""},"class_list":["post-244","page","type-page","status-publish","has-post-thumbnail","hentry"],"yoast_head":"<!-- This site is optimized with the Yoast SEO plugin v27.2 - https:\/\/yoast.com\/product\/yoast-seo-wordpress\/ -->\n<title>Scrie-ne - Castelul Maria<\/title>\n<meta name=\"description\" content=\"Pentru a ajunge pe aceste meleaguri de poveste, nu ezita\u021bi s\u0103 ne contacta\u021bi folosind formularul al\u0103turat.\" \/>\n<meta name=\"robots\" content=\"index, follow, max-snippet:-1, max-image-preview:large, max-video-preview:-1\" \/>\n<link rel=\"canonical\" href=\"https:\/\/castelulmaria.ro\/en\/scrie-ne\/\" \/>\n<meta property=\"og:locale\" content=\"en_US\" \/>\n<meta property=\"og:type\" content=\"article\" \/>\n<meta property=\"og:title\" content=\"Scrie-ne - Castelul Maria\" \/>\n<meta property=\"og:description\" content=\"Pentru a ajunge pe aceste meleaguri de poveste, nu ezita\u021bi s\u0103 ne contacta\u021bi folosind formularul al\u0103turat.\" \/>\n<meta property=\"og:url\" content=\"https:\/\/castelulmaria.ro\/en\/scrie-ne\/\" \/>\n<meta property=\"og:site_name\" content=\"Castelul Maria\" \/>\n<meta property=\"article:publisher\" content=\"https:\/\/www.facebook.com\/vilacastelulmaria\/\" \/>\n<meta property=\"article:modified_time\" content=\"2026-01-28T10:32:01+00:00\" \/>\n<meta property=\"og:image\" content=\"https:\/\/castelulmaria.ro\/wp-content\/uploads\/2025\/11\/1-DSC_0856-scaled.jpg\" \/>\n\t<meta property=\"og:image:width\" content=\"2560\" \/>\n\t<meta property=\"og:image:height\" content=\"1707\" \/>\n\t<meta property=\"og:image:type\" content=\"image\/jpeg\" \/>\n<meta name=\"twitter:card\" content=\"summary_large_image\" \/>\n<meta name=\"twitter:label1\" content=\"Est. reading time\" \/>\n\t<meta name=\"twitter:data1\" content=\"3 minutes\" \/>\n<script type=\"application\/ld+json\" class=\"yoast-schema-graph\">{\"@context\":\"https:\/\/schema.org\",\"@graph\":[{\"@type\":\"WebPage\",\"@id\":\"https:\/\/castelulmaria.ro\/scrie-ne\/\",\"url\":\"https:\/\/castelulmaria.ro\/scrie-ne\/\",\"name\":\"Scrie-ne - Castelul Maria\",\"isPartOf\":{\"@id\":\"https:\/\/snow-grasshopper-269883.hostingersite.com\/#website\"},\"primaryImageOfPage\":{\"@id\":\"https:\/\/castelulmaria.ro\/scrie-ne\/#primaryimage\"},\"image\":{\"@id\":\"https:\/\/castelulmaria.ro\/scrie-ne\/#primaryimage\"},\"thumbnailUrl\":\"https:\/\/castelulmaria.ro\/wp-content\/uploads\/2025\/11\/1-DSC_0856-scaled.jpg\",\"datePublished\":\"2025-11-13T14:53:32+00:00\",\"dateModified\":\"2026-01-28T10:32:01+00:00\",\"description\":\"Pentru a ajunge pe aceste meleaguri de poveste, nu ezita\u021bi s\u0103 ne contacta\u021bi folosind formularul al\u0103turat.\",\"breadcrumb\":{\"@id\":\"https:\/\/castelulmaria.ro\/scrie-ne\/#breadcrumb\"},\"inLanguage\":\"en-US\",\"potentialAction\":[{\"@type\":\"ReadAction\",\"target\":[\"https:\/\/castelulmaria.ro\/scrie-ne\/\"]}]},{\"@type\":\"ImageObject\",\"inLanguage\":\"en-US\",\"@id\":\"https:\/\/castelulmaria.ro\/scrie-ne\/#primaryimage\",\"url\":\"https:\/\/castelulmaria.ro\/wp-content\/uploads\/2025\/11\/1-DSC_0856-scaled.jpg\",\"contentUrl\":\"https:\/\/castelulmaria.ro\/wp-content\/uploads\/2025\/11\/1-DSC_0856-scaled.jpg\",\"width\":2560,\"height\":1707},{\"@type\":\"BreadcrumbList\",\"@id\":\"https:\/\/castelulmaria.ro\/scrie-ne\/#breadcrumb\",\"itemListElement\":[{\"@type\":\"ListItem\",\"position\":1,\"name\":\"Prima pagin\u0103\",\"item\":\"https:\/\/castelulmaria.ro\/\"},{\"@type\":\"ListItem\",\"position\":2,\"name\":\"Scrie-ne\"}]},{\"@type\":\"WebSite\",\"@id\":\"https:\/\/snow-grasshopper-269883.hostingersite.com\/#website\",\"url\":\"https:\/\/snow-grasshopper-269883.hostingersite.com\/\",\"name\":\"Castelul Maria\",\"description\":\"Cazare in Transilvania\",\"potentialAction\":[{\"@type\":\"SearchAction\",\"target\":{\"@type\":\"EntryPoint\",\"urlTemplate\":\"https:\/\/snow-grasshopper-269883.hostingersite.com\/?s={search_term_string}\"},\"query-input\":{\"@type\":\"PropertyValueSpecification\",\"valueRequired\":true,\"valueName\":\"search_term_string\"}}],\"inLanguage\":\"en-US\"}]}<\/script>\n<!-- \/ Yoast SEO plugin. -->","yoast_head_json":{"title":"Scrie-ne - Castelul Maria","description":"To reach these fairytale lands, please do not hesitate to contact us using the form below.","robots":{"index":"index","follow":"follow","max-snippet":"max-snippet:-1","max-image-preview":"max-image-preview:large","max-video-preview":"max-video-preview:-1"},"canonical":"https:\/\/castelulmaria.ro\/en\/scrie-ne\/","og_locale":"en_US","og_type":"article","og_title":"Scrie-ne - Castelul Maria","og_description":"Pentru a ajunge pe aceste meleaguri de poveste, nu ezita\u021bi s\u0103 ne contacta\u021bi folosind formularul al\u0103turat.","og_url":"https:\/\/castelulmaria.ro\/en\/scrie-ne\/","og_site_name":"Castelul Maria","article_publisher":"https:\/\/www.facebook.com\/vilacastelulmaria\/","article_modified_time":"2026-01-28T10:32:01+00:00","og_image":[{"width":2560,"height":1707,"url":"https:\/\/castelulmaria.ro\/wp-content\/uploads\/2025\/11\/1-DSC_0856-scaled.jpg","type":"image\/jpeg"}],"twitter_card":"summary_large_image","twitter_misc":{"Est. reading time":"3 minutes"},"schema":{"@context":"https:\/\/schema.org","@graph":[{"@type":"WebPage","@id":"https:\/\/castelulmaria.ro\/scrie-ne\/","url":"https:\/\/castelulmaria.ro\/scrie-ne\/","name":"Scrie-ne - Castelul Maria","isPartOf":{"@id":"https:\/\/snow-grasshopper-269883.hostingersite.com\/#website"},"primaryImageOfPage":{"@id":"https:\/\/castelulmaria.ro\/scrie-ne\/#primaryimage"},"image":{"@id":"https:\/\/castelulmaria.ro\/scrie-ne\/#primaryimage"},"thumbnailUrl":"https:\/\/castelulmaria.ro\/wp-content\/uploads\/2025\/11\/1-DSC_0856-scaled.jpg","datePublished":"2025-11-13T14:53:32+00:00","dateModified":"2026-01-28T10:32:01+00:00","description":"To reach these fairytale lands, please do not hesitate to contact us using the form below.","breadcrumb":{"@id":"https:\/\/castelulmaria.ro\/scrie-ne\/#breadcrumb"},"inLanguage":"en-US","potentialAction":[{"@type":"ReadAction","target":["https:\/\/castelulmaria.ro\/scrie-ne\/"]}]},{"@type":"ImageObject","inLanguage":"en-US","@id":"https:\/\/castelulmaria.ro\/scrie-ne\/#primaryimage","url":"https:\/\/castelulmaria.ro\/wp-content\/uploads\/2025\/11\/1-DSC_0856-scaled.jpg","contentUrl":"https:\/\/castelulmaria.ro\/wp-content\/uploads\/2025\/11\/1-DSC_0856-scaled.jpg","width":2560,"height":1707},{"@type":"BreadcrumbList","@id":"https:\/\/castelulmaria.ro\/scrie-ne\/#breadcrumb","itemListElement":[{"@type":"ListItem","position":1,"name":"Prima pagin\u0103","item":"https:\/\/castelulmaria.ro\/"},{"@type":"ListItem","position":2,"name":"Scrie-ne"}]},{"@type":"WebSite","@id":"https:\/\/snow-grasshopper-269883.hostingersite.com\/#website","url":"https:\/\/snow-grasshopper-269883.hostingersite.com\/","name":"Castelul Maria","description":"Cazare in Transilvania","potentialAction":[{"@type":"SearchAction","target":{"@type":"EntryPoint","urlTemplate":"https:\/\/snow-grasshopper-269883.hostingersite.com\/?s={search_term_string}"},"query-input":{"@type":"PropertyValueSpecification","valueRequired":true,"valueName":"search_term_string"}}],"inLanguage":"en-US"}]}},"jetpack_sharing_enabled":true,"_links":{"self":[{"href":"https:\/\/castelulmaria.ro\/en\/wp-json\/wp\/v2\/pages\/244","targetHints":{"allow":["GET"]}}],"collection":[{"href":"https:\/\/castelulmaria.ro\/en\/wp-json\/wp\/v2\/pages"}],"about":[{"href":"https:\/\/castelulmaria.ro\/en\/wp-json\/wp\/v2\/types\/page"}],"author":[{"embeddable":true,"href":"https:\/\/castelulmaria.ro\/en\/wp-json\/wp\/v2\/users\/1"}],"replies":[{"embeddable":true,"href":"https:\/\/castelulmaria.ro\/en\/wp-json\/wp\/v2\/comments?post=244"}],"version-history":[{"count":4,"href":"https:\/\/castelulmaria.ro\/en\/wp-json\/wp\/v2\/pages\/244\/revisions"}],"predecessor-version":[{"id":305,"href":"https:\/\/castelulmaria.ro\/en\/wp-json\/wp\/v2\/pages\/244\/revisions\/305"}],"wp:featuredmedia":[{"embeddable":true,"href":"https:\/\/castelulmaria.ro\/en\/wp-json\/wp\/v2\/media\/114"}],"wp:attachment":[{"href":"https:\/\/castelulmaria.ro\/en\/wp-json\/wp\/v2\/media?parent=244"}],"curies":[{"name":"wp","href":"https:\/\/api.w.org\/{rel}","templated":true}]}}