{"id":404,"date":"2026-01-23T13:45:09","date_gmt":"2026-01-23T11:45:09","guid":{"rendered":"https:\/\/snow-grasshopper-269883.hostingersite.com\/?page_id=404"},"modified":"2026-01-28T12:22:13","modified_gmt":"2026-01-28T10:22:13","slug":"blog","status":"publish","type":"page","link":"https:\/\/castelulmaria.ro\/en\/blog\/","title":{"rendered":"Blog"},"content":{"rendered":"<p>&nbsp;<\/p>\n\t<h1>Blog<\/h1>\n<p>&nbsp;<\/p>","protected":false},"excerpt":{"rendered":"<p>&nbsp; Blog &nbsp;<\/p>","protected":false},"author":1,"featured_media":114,"parent":0,"menu_order":0,"comment_status":"closed","ping_status":"closed","template":"","meta":{"footnotes":""},"class_list":["post-404","page","type-page","status-publish","has-post-thumbnail","hentry"],"yoast_head":"<!-- This site is optimized with the Yoast SEO plugin v27.2 - https:\/\/yoast.com\/product\/yoast-seo-wordpress\/ -->\n<title>Blog - Castelul Maria<\/title>\n<meta name=\"description\" content=\"Un loc unde scriem oferte \u0219i nout\u0103\u021bi, aventuri din gr\u0103dina noastr\u0103, pove\u0219ti de la Castelul Maria, \u00eent\u00e2mpl\u0103ri cu pisici, re\u021bete n\u0103stru\u0219nice \u0219i alte idei.\" \/>\n<meta name=\"robots\" content=\"index, follow, max-snippet:-1, max-image-preview:large, max-video-preview:-1\" \/>\n<link rel=\"canonical\" href=\"https:\/\/castelulmaria.ro\/en\/blog\/\" \/>\n<meta property=\"og:locale\" content=\"en_US\" \/>\n<meta property=\"og:type\" content=\"article\" \/>\n<meta property=\"og:title\" content=\"Blog - Castelul Maria\" \/>\n<meta property=\"og:description\" content=\"Un loc unde scriem oferte \u0219i nout\u0103\u021bi, aventuri din gr\u0103dina noastr\u0103, pove\u0219ti de la Castelul Maria, \u00eent\u00e2mpl\u0103ri cu pisici, re\u021bete n\u0103stru\u0219nice \u0219i alte idei.\" \/>\n<meta property=\"og:url\" content=\"https:\/\/castelulmaria.ro\/en\/blog\/\" \/>\n<meta property=\"og:site_name\" content=\"Castelul Maria\" \/>\n<meta property=\"article:publisher\" content=\"https:\/\/www.facebook.com\/vilacastelulmaria\/\" \/>\n<meta property=\"article:modified_time\" content=\"2026-01-28T10:22:13+00:00\" \/>\n<meta property=\"og:image\" content=\"https:\/\/castelulmaria.ro\/wp-content\/uploads\/2025\/11\/1-DSC_0856-scaled.jpg\" \/>\n\t<meta property=\"og:image:width\" content=\"2560\" \/>\n\t<meta property=\"og:image:height\" content=\"1707\" \/>\n\t<meta property=\"og:image:type\" content=\"image\/jpeg\" \/>\n<meta name=\"twitter:card\" content=\"summary_large_image\" \/>\n<meta name=\"twitter:label1\" content=\"Est. reading time\" \/>\n\t<meta name=\"twitter:data1\" content=\"1 minute\" \/>\n<script type=\"application\/ld+json\" class=\"yoast-schema-graph\">{\"@context\":\"https:\/\/schema.org\",\"@graph\":[{\"@type\":\"WebPage\",\"@id\":\"https:\/\/castelulmaria.ro\/blog\/\",\"url\":\"https:\/\/castelulmaria.ro\/blog\/\",\"name\":\"Blog - Castelul Maria\",\"isPartOf\":{\"@id\":\"https:\/\/snow-grasshopper-269883.hostingersite.com\/#website\"},\"primaryImageOfPage\":{\"@id\":\"https:\/\/castelulmaria.ro\/blog\/#primaryimage\"},\"image\":{\"@id\":\"https:\/\/castelulmaria.ro\/blog\/#primaryimage\"},\"thumbnailUrl\":\"https:\/\/castelulmaria.ro\/wp-content\/uploads\/2025\/11\/1-DSC_0856-scaled.jpg\",\"datePublished\":\"2026-01-23T11:45:09+00:00\",\"dateModified\":\"2026-01-28T10:22:13+00:00\",\"description\":\"Un loc unde scriem oferte \u0219i nout\u0103\u021bi, aventuri din gr\u0103dina noastr\u0103, pove\u0219ti de la Castelul Maria, \u00eent\u00e2mpl\u0103ri cu pisici, re\u021bete n\u0103stru\u0219nice \u0219i alte idei.\",\"breadcrumb\":{\"@id\":\"https:\/\/castelulmaria.ro\/blog\/#breadcrumb\"},\"inLanguage\":\"en-US\",\"potentialAction\":[{\"@type\":\"ReadAction\",\"target\":[\"https:\/\/castelulmaria.ro\/blog\/\"]}]},{\"@type\":\"ImageObject\",\"inLanguage\":\"en-US\",\"@id\":\"https:\/\/castelulmaria.ro\/blog\/#primaryimage\",\"url\":\"https:\/\/castelulmaria.ro\/wp-content\/uploads\/2025\/11\/1-DSC_0856-scaled.jpg\",\"contentUrl\":\"https:\/\/castelulmaria.ro\/wp-content\/uploads\/2025\/11\/1-DSC_0856-scaled.jpg\",\"width\":2560,\"height\":1707},{\"@type\":\"BreadcrumbList\",\"@id\":\"https:\/\/castelulmaria.ro\/blog\/#breadcrumb\",\"itemListElement\":[{\"@type\":\"ListItem\",\"position\":1,\"name\":\"Prima pagin\u0103\",\"item\":\"https:\/\/castelulmaria.ro\/\"},{\"@type\":\"ListItem\",\"position\":2,\"name\":\"Blog\"}]},{\"@type\":\"WebSite\",\"@id\":\"https:\/\/snow-grasshopper-269883.hostingersite.com\/#website\",\"url\":\"https:\/\/snow-grasshopper-269883.hostingersite.com\/\",\"name\":\"Castelul Maria\",\"description\":\"Cazare in Transilvania\",\"potentialAction\":[{\"@type\":\"SearchAction\",\"target\":{\"@type\":\"EntryPoint\",\"urlTemplate\":\"https:\/\/snow-grasshopper-269883.hostingersite.com\/?s={search_term_string}\"},\"query-input\":{\"@type\":\"PropertyValueSpecification\",\"valueRequired\":true,\"valueName\":\"search_term_string\"}}],\"inLanguage\":\"en-US\"}]}<\/script>\n<!-- \/ Yoast SEO plugin. -->","yoast_head_json":{"title":"Blog - Castelul Maria","description":"Un loc unde scriem oferte \u0219i nout\u0103\u021bi, aventuri din gr\u0103dina noastr\u0103, pove\u0219ti de la Castelul Maria, \u00eent\u00e2mpl\u0103ri cu pisici, re\u021bete n\u0103stru\u0219nice \u0219i alte idei.","robots":{"index":"index","follow":"follow","max-snippet":"max-snippet:-1","max-image-preview":"max-image-preview:large","max-video-preview":"max-video-preview:-1"},"canonical":"https:\/\/castelulmaria.ro\/en\/blog\/","og_locale":"en_US","og_type":"article","og_title":"Blog - Castelul Maria","og_description":"Un loc unde scriem oferte \u0219i nout\u0103\u021bi, aventuri din gr\u0103dina noastr\u0103, pove\u0219ti de la Castelul Maria, \u00eent\u00e2mpl\u0103ri cu pisici, re\u021bete n\u0103stru\u0219nice \u0219i alte idei.","og_url":"https:\/\/castelulmaria.ro\/en\/blog\/","og_site_name":"Castelul Maria","article_publisher":"https:\/\/www.facebook.com\/vilacastelulmaria\/","article_modified_time":"2026-01-28T10:22:13+00:00","og_image":[{"width":2560,"height":1707,"url":"https:\/\/castelulmaria.ro\/wp-content\/uploads\/2025\/11\/1-DSC_0856-scaled.jpg","type":"image\/jpeg"}],"twitter_card":"summary_large_image","twitter_misc":{"Est. reading time":"1 minute"},"schema":{"@context":"https:\/\/schema.org","@graph":[{"@type":"WebPage","@id":"https:\/\/castelulmaria.ro\/blog\/","url":"https:\/\/castelulmaria.ro\/blog\/","name":"Blog - Castelul Maria","isPartOf":{"@id":"https:\/\/snow-grasshopper-269883.hostingersite.com\/#website"},"primaryImageOfPage":{"@id":"https:\/\/castelulmaria.ro\/blog\/#primaryimage"},"image":{"@id":"https:\/\/castelulmaria.ro\/blog\/#primaryimage"},"thumbnailUrl":"https:\/\/castelulmaria.ro\/wp-content\/uploads\/2025\/11\/1-DSC_0856-scaled.jpg","datePublished":"2026-01-23T11:45:09+00:00","dateModified":"2026-01-28T10:22:13+00:00","description":"Un loc unde scriem oferte \u0219i nout\u0103\u021bi, aventuri din gr\u0103dina noastr\u0103, pove\u0219ti de la Castelul Maria, \u00eent\u00e2mpl\u0103ri cu pisici, re\u021bete n\u0103stru\u0219nice \u0219i alte idei.","breadcrumb":{"@id":"https:\/\/castelulmaria.ro\/blog\/#breadcrumb"},"inLanguage":"en-US","potentialAction":[{"@type":"ReadAction","target":["https:\/\/castelulmaria.ro\/blog\/"]}]},{"@type":"ImageObject","inLanguage":"en-US","@id":"https:\/\/castelulmaria.ro\/blog\/#primaryimage","url":"https:\/\/castelulmaria.ro\/wp-content\/uploads\/2025\/11\/1-DSC_0856-scaled.jpg","contentUrl":"https:\/\/castelulmaria.ro\/wp-content\/uploads\/2025\/11\/1-DSC_0856-scaled.jpg","width":2560,"height":1707},{"@type":"BreadcrumbList","@id":"https:\/\/castelulmaria.ro\/blog\/#breadcrumb","itemListElement":[{"@type":"ListItem","position":1,"name":"Prima pagin\u0103","item":"https:\/\/castelulmaria.ro\/"},{"@type":"ListItem","position":2,"name":"Blog"}]},{"@type":"WebSite","@id":"https:\/\/snow-grasshopper-269883.hostingersite.com\/#website","url":"https:\/\/snow-grasshopper-269883.hostingersite.com\/","name":"Castelul Maria","description":"Cazare in Transilvania","potentialAction":[{"@type":"SearchAction","target":{"@type":"EntryPoint","urlTemplate":"https:\/\/snow-grasshopper-269883.hostingersite.com\/?s={search_term_string}"},"query-input":{"@type":"PropertyValueSpecification","valueRequired":true,"valueName":"search_term_string"}}],"inLanguage":"en-US"}]}},"jetpack_sharing_enabled":true,"_links":{"self":[{"href":"https:\/\/castelulmaria.ro\/en\/wp-json\/wp\/v2\/pages\/404","targetHints":{"allow":["GET"]}}],"collection":[{"href":"https:\/\/castelulmaria.ro\/en\/wp-json\/wp\/v2\/pages"}],"about":[{"href":"https:\/\/castelulmaria.ro\/en\/wp-json\/wp\/v2\/types\/page"}],"author":[{"embeddable":true,"href":"https:\/\/castelulmaria.ro\/en\/wp-json\/wp\/v2\/users\/1"}],"replies":[{"embeddable":true,"href":"https:\/\/castelulmaria.ro\/en\/wp-json\/wp\/v2\/comments?post=404"}],"version-history":[{"count":4,"href":"https:\/\/castelulmaria.ro\/en\/wp-json\/wp\/v2\/pages\/404\/revisions"}],"predecessor-version":[{"id":449,"href":"https:\/\/castelulmaria.ro\/en\/wp-json\/wp\/v2\/pages\/404\/revisions\/449"}],"wp:featuredmedia":[{"embeddable":true,"href":"https:\/\/castelulmaria.ro\/en\/wp-json\/wp\/v2\/media\/114"}],"wp:attachment":[{"href":"https:\/\/castelulmaria.ro\/en\/wp-json\/wp\/v2\/media?parent=404"}],"curies":[{"name":"wp","href":"https:\/\/api.w.org\/{rel}","templated":true}]}}