{"id":45,"date":"2025-11-05T13:25:34","date_gmt":"2025-11-05T13:25:34","guid":{"rendered":"https:\/\/castelulmaria.ro\/?page_id=45"},"modified":"2026-01-28T12:20:41","modified_gmt":"2026-01-28T10:20:41","slug":"castelul-maria","status":"publish","type":"page","link":"https:\/\/castelulmaria.ro\/en\/","title":{"rendered":"Home"},"content":{"rendered":"<h4>Accomodation, soulful events and a big garden in the heart of Transylvania!<\/h4>\n<h5>We gladly await you to step upon our lands.<\/h5>\n\t<h2>&#8211; Somnul Dulce &#8211;<br \/>\nRooms<\/h2>\n<p>Castelul Maria offers <strong>three<\/strong> apartments with unique design and<strong> a room<\/strong> in the tower, with a garden view.<\/p>\n<p>Just a few minutes walk away, our second location, Casa Maria, has prepared for you <strong>seven rooms<\/strong> from which you can admire the village and its hills.<\/p>\n\t<h2>&#8211; Bucurie \u00eempreun\u0103 &#8211;<br \/>\nEvents<\/h2>\n<p>We are happy to organize small weddings, family celebrations, parties with friends, and business dinners for you.<\/p>\n<p>Our location has two dining rooms and a covered terrace, with a maximum capacity of 40 people.<\/p>\n\t<h2>&#8211; Relaxare &#8211;<br \/>\nGarden &amp; sauna<\/h2>\n<p>Gr\u0103dina noastr\u0103 urm\u0103re\u0219te ritmurile naturii &#8211; e un loc al lini\u0219tii \u0219i al suflurilor vegetale. Pisicile o s\u0103 v\u0103 bucure inima, iar p\u0103s\u0103rile v\u0103 vor \u00eenc\u00e2nta urechile.<\/p>\n<p>For complete relaxation, book a dry sauna session with the garden view.<\/p>\n\t<h2>&#8211; \u00cemprejurimi &#8211;<\/h2>\n<h2>To visit<\/h2>\n<p>\u00a0When you go on a journey, keep your mind and soul open, not just the eyes! Castelul Maria is located not far from Corvin Castle, Deva Fortress, Col\u021b Fortress, the Dacian Fortresses, Simeria Arboretum, and Giardini di Zoe.<\/p>\n\t<h2>&#8211; Te a\u0219tept\u0103m &#8211;<\/h2>\n<h2>Write to us<\/h2>\n<p>If you have any questions and haven't visited us yet, feel free to write to us anytime! We will definitely respond, but not immediately.<\/p>\n<p>And if you've been to our place, leave us a few words on Google or TripAdvisor.<\/p>\n\t<h2>&#8211; Afl\u0103 nout\u0103\u021bi &#8211;<\/h2>\n<h2>Blog<\/h2>\n<p>A place where we write new offers, adventures from our garden, stories from Castelul Maria, cat stories, quirky recipes, and other ideas.<\/p>\n<p>Don't be timid and read something, you might find unexpected information!<\/p>\n\t&#8222;C\u00e2nd se va sf\u00e2r\u0219i asfaltul drumului<br \/>\ntrupul meu \u0219i trupul t\u0103u se vor face asfalt<br \/>\nca s\u0103 nu r\u0103m\u00e2n\u0103 nec\u0103l\u0103torit\u0103<br \/>\naceast\u0103 \u021bar\u0103 de vis.&#8221;\n<p>Nichita St\u0103nescu<\/p>\n\t <a href=\"https:\/\/embedsocial.com\/social-media-aggregator\/\" target=\"_blank\" title=\"Instagram widget\"> <img decoding=\"async\" src=\"https:\/\/embedsocial.com\/cdn\/icon\/embedsocial-logo.webp\" alt=\"EmbedSocial\"\/> Instagram widget <\/a>","protected":false},"excerpt":{"rendered":"<p>Cazare, evenimente de suflet \u0219i o mare gr\u0103din\u0103 \u00een inima Transilvaniei! Te a\u0219tept\u0103m cu drag s\u0103 p\u0103\u0219e\u0219ti pe meleagurile noastre. &#8211; Somnul Dulce &#8211; Cazare Castelul Maria ofer\u0103 trei apartamente cu design unic \u0219i o camer\u0103 \u00een turn, cu vedere la gr\u0103din\u0103. La o plimbare de c\u00e2teva minute dep\u0103rtare, loca\u021bia noastr\u0103 Casa Maria are preg\u0103tite&hellip;<\/p>","protected":false},"author":1,"featured_media":0,"parent":0,"menu_order":0,"comment_status":"closed","ping_status":"closed","template":"","meta":{"footnotes":""},"class_list":["post-45","page","type-page","status-publish","hentry"],"yoast_head":"<!-- This site is optimized with the Yoast SEO plugin v27.2 - https:\/\/yoast.com\/product\/yoast-seo-wordpress\/ -->\n<title>Acas\u0103 - Castelul Maria<\/title>\n<meta name=\"description\" content=\"Cazare, evenimente de suflet \u0219i o mare gr\u0103din\u0103 \u00een inima Transilvaniei!\" \/>\n<meta name=\"robots\" content=\"index, follow, max-snippet:-1, max-image-preview:large, max-video-preview:-1\" \/>\n<link rel=\"canonical\" href=\"https:\/\/castelulmaria.ro\/en\/\" \/>\n<meta property=\"og:locale\" content=\"en_US\" \/>\n<meta property=\"og:type\" content=\"article\" \/>\n<meta property=\"og:title\" content=\"Acas\u0103 - Castelul Maria\" \/>\n<meta property=\"og:description\" content=\"Cazare, evenimente de suflet \u0219i o mare gr\u0103din\u0103 \u00een inima Transilvaniei!\" \/>\n<meta property=\"og:url\" content=\"https:\/\/castelulmaria.ro\/en\/\" \/>\n<meta property=\"og:site_name\" content=\"Castelul Maria\" \/>\n<meta property=\"article:publisher\" content=\"https:\/\/www.facebook.com\/vilacastelulmaria\/\" \/>\n<meta property=\"article:modified_time\" content=\"2026-01-28T10:20:41+00:00\" \/>\n<meta property=\"og:image\" content=\"https:\/\/embedsocial.com\/cdn\/icon\/embedsocial-logo.webp\" \/>\n<meta name=\"twitter:card\" content=\"summary_large_image\" \/>\n<meta name=\"twitter:label1\" content=\"Est. reading time\" \/>\n\t<meta name=\"twitter:data1\" content=\"2 minutes\" \/>\n<script type=\"application\/ld+json\" class=\"yoast-schema-graph\">{\"@context\":\"https:\/\/schema.org\",\"@graph\":[{\"@type\":\"WebPage\",\"@id\":\"https:\/\/castelulmaria.ro\/\",\"url\":\"https:\/\/castelulmaria.ro\/\",\"name\":\"Acas\u0103 - Castelul Maria\",\"isPartOf\":{\"@id\":\"https:\/\/snow-grasshopper-269883.hostingersite.com\/#website\"},\"primaryImageOfPage\":{\"@id\":\"https:\/\/castelulmaria.ro\/#primaryimage\"},\"image\":{\"@id\":\"https:\/\/castelulmaria.ro\/#primaryimage\"},\"thumbnailUrl\":\"https:\/\/embedsocial.com\/cdn\/icon\/embedsocial-logo.webp\",\"datePublished\":\"2025-11-05T13:25:34+00:00\",\"dateModified\":\"2026-01-28T10:20:41+00:00\",\"description\":\"Cazare, evenimente de suflet \u0219i o mare gr\u0103din\u0103 \u00een inima Transilvaniei!\",\"breadcrumb\":{\"@id\":\"https:\/\/castelulmaria.ro\/#breadcrumb\"},\"inLanguage\":\"en-US\",\"potentialAction\":[{\"@type\":\"ReadAction\",\"target\":[\"https:\/\/castelulmaria.ro\/\"]}]},{\"@type\":\"ImageObject\",\"inLanguage\":\"en-US\",\"@id\":\"https:\/\/castelulmaria.ro\/#primaryimage\",\"url\":\"https:\/\/embedsocial.com\/cdn\/icon\/embedsocial-logo.webp\",\"contentUrl\":\"https:\/\/embedsocial.com\/cdn\/icon\/embedsocial-logo.webp\"},{\"@type\":\"BreadcrumbList\",\"@id\":\"https:\/\/castelulmaria.ro\/#breadcrumb\",\"itemListElement\":[{\"@type\":\"ListItem\",\"position\":1,\"name\":\"Prima pagin\u0103\",\"item\":\"https:\/\/castelulmaria.ro\/\"},{\"@type\":\"ListItem\",\"position\":2,\"name\":\"Acas\u0103\"}]},{\"@type\":\"WebSite\",\"@id\":\"https:\/\/snow-grasshopper-269883.hostingersite.com\/#website\",\"url\":\"https:\/\/snow-grasshopper-269883.hostingersite.com\/\",\"name\":\"Castelul Maria\",\"description\":\"Cazare in Transilvania\",\"potentialAction\":[{\"@type\":\"SearchAction\",\"target\":{\"@type\":\"EntryPoint\",\"urlTemplate\":\"https:\/\/snow-grasshopper-269883.hostingersite.com\/?s={search_term_string}\"},\"query-input\":{\"@type\":\"PropertyValueSpecification\",\"valueRequired\":true,\"valueName\":\"search_term_string\"}}],\"inLanguage\":\"en-US\"}]}<\/script>\n<!-- \/ Yoast SEO plugin. -->","yoast_head_json":{"title":"Acas\u0103 - Castelul Maria","description":"Accomodation, soulful events and a big garden in the heart of Transylvania!","robots":{"index":"index","follow":"follow","max-snippet":"max-snippet:-1","max-image-preview":"max-image-preview:large","max-video-preview":"max-video-preview:-1"},"canonical":"https:\/\/castelulmaria.ro\/en\/","og_locale":"en_US","og_type":"article","og_title":"Acas\u0103 - Castelul Maria","og_description":"Cazare, evenimente de suflet \u0219i o mare gr\u0103din\u0103 \u00een inima Transilvaniei!","og_url":"https:\/\/castelulmaria.ro\/en\/","og_site_name":"Castelul Maria","article_publisher":"https:\/\/www.facebook.com\/vilacastelulmaria\/","article_modified_time":"2026-01-28T10:20:41+00:00","og_image":[{"url":"https:\/\/embedsocial.com\/cdn\/icon\/embedsocial-logo.webp","type":"","width":"","height":""}],"twitter_card":"summary_large_image","twitter_misc":{"Est. reading time":"2 minutes"},"schema":{"@context":"https:\/\/schema.org","@graph":[{"@type":"WebPage","@id":"https:\/\/castelulmaria.ro\/","url":"https:\/\/castelulmaria.ro\/","name":"Acas\u0103 - Castelul Maria","isPartOf":{"@id":"https:\/\/snow-grasshopper-269883.hostingersite.com\/#website"},"primaryImageOfPage":{"@id":"https:\/\/castelulmaria.ro\/#primaryimage"},"image":{"@id":"https:\/\/castelulmaria.ro\/#primaryimage"},"thumbnailUrl":"https:\/\/embedsocial.com\/cdn\/icon\/embedsocial-logo.webp","datePublished":"2025-11-05T13:25:34+00:00","dateModified":"2026-01-28T10:20:41+00:00","description":"Accomodation, soulful events and a big garden in the heart of Transylvania!","breadcrumb":{"@id":"https:\/\/castelulmaria.ro\/#breadcrumb"},"inLanguage":"en-US","potentialAction":[{"@type":"ReadAction","target":["https:\/\/castelulmaria.ro\/"]}]},{"@type":"ImageObject","inLanguage":"en-US","@id":"https:\/\/castelulmaria.ro\/#primaryimage","url":"https:\/\/embedsocial.com\/cdn\/icon\/embedsocial-logo.webp","contentUrl":"https:\/\/embedsocial.com\/cdn\/icon\/embedsocial-logo.webp"},{"@type":"BreadcrumbList","@id":"https:\/\/castelulmaria.ro\/#breadcrumb","itemListElement":[{"@type":"ListItem","position":1,"name":"Prima pagin\u0103","item":"https:\/\/castelulmaria.ro\/"},{"@type":"ListItem","position":2,"name":"Acas\u0103"}]},{"@type":"WebSite","@id":"https:\/\/snow-grasshopper-269883.hostingersite.com\/#website","url":"https:\/\/snow-grasshopper-269883.hostingersite.com\/","name":"Castelul Maria","description":"Cazare in Transilvania","potentialAction":[{"@type":"SearchAction","target":{"@type":"EntryPoint","urlTemplate":"https:\/\/snow-grasshopper-269883.hostingersite.com\/?s={search_term_string}"},"query-input":{"@type":"PropertyValueSpecification","valueRequired":true,"valueName":"search_term_string"}}],"inLanguage":"en-US"}]}},"jetpack_sharing_enabled":true,"_links":{"self":[{"href":"https:\/\/castelulmaria.ro\/en\/wp-json\/wp\/v2\/pages\/45","targetHints":{"allow":["GET"]}}],"collection":[{"href":"https:\/\/castelulmaria.ro\/en\/wp-json\/wp\/v2\/pages"}],"about":[{"href":"https:\/\/castelulmaria.ro\/en\/wp-json\/wp\/v2\/types\/page"}],"author":[{"embeddable":true,"href":"https:\/\/castelulmaria.ro\/en\/wp-json\/wp\/v2\/users\/1"}],"replies":[{"embeddable":true,"href":"https:\/\/castelulmaria.ro\/en\/wp-json\/wp\/v2\/comments?post=45"}],"version-history":[{"count":11,"href":"https:\/\/castelulmaria.ro\/en\/wp-json\/wp\/v2\/pages\/45\/revisions"}],"predecessor-version":[{"id":448,"href":"https:\/\/castelulmaria.ro\/en\/wp-json\/wp\/v2\/pages\/45\/revisions\/448"}],"wp:attachment":[{"href":"https:\/\/castelulmaria.ro\/en\/wp-json\/wp\/v2\/media?parent=45"}],"curies":[{"name":"wp","href":"https:\/\/api.w.org\/{rel}","templated":true}]}}