{"id":98,"date":"2025-11-10T15:15:06","date_gmt":"2025-11-10T15:15:06","guid":{"rendered":"https:\/\/castelulmaria.ro\/?page_id=98"},"modified":"2026-01-28T12:28:12","modified_gmt":"2026-01-28T10:28:12","slug":"despre-noi","status":"publish","type":"page","link":"https:\/\/castelulmaria.ro\/en\/despre-noi\/","title":{"rendered":"About us"},"content":{"rendered":"<p>Dorim s\u0103 fim cunoscu\u021bi aici \u0219i &#8222;peste m\u0103ri \u0219i \u021b\u0103ri&#8221;, prefera\u021bi ca un loc \u00een care po\u021bi g\u0103si oric\u00e2nd buna dispozi\u021bie, lini\u0219tea, frumuse\u021bea \u0219i armonia. Misiunea noastr\u0103 este de a primi oaspe\u021bii \u00een a\u0219a fel \u00eenc\u00e2t ace\u0219tia s\u0103 g\u0103seasc\u0103 exact ce \u00ee\u0219i doresc: hran\u0103 pentru trup \u0219i lini\u0219te pentru minte. \u00cen momentul \u00een care pleac\u0103 sa fie relaxa\u021bi, odihni\u021bi, mul\u021bumi\u021bi \u0219i plini de energie.\u200e<\/p>\n<p>&nbsp;<\/p>\n<figure itemscope=\"\" itemtype=\"https:\/\/schema.org\/ImageObject\">\n\t\t\t\t<img decoding=\"async\" src=\"https:\/\/castelulmaria.ro\/wp-content\/uploads\/2026\/01\/467504330_27544250845219528_3743756527675298880_n-1-768x1024.jpg\" alt=\"467504330_27544250845219528_3743756527675298880_n (1)\" height=\"1024\" width=\"768\" title=\"467504330_27544250845219528_3743756527675298880_n (1)\" onerror=\"this.style.display='none'\" loading=\"lazy\">\n\t<\/figure>\n\t<p>Lumini\u021ba, administrator, a pus cu inima ei bazele echipei \u0219i cu creativitatea ei a decorat \u0219i amenanjat locul. A terminat liceul sanitar, a urmat facultatea de Turism \u0219i comer\u021b interna\u021bional, ob\u021bin\u00e2nd diploma de Manager \u00een activitatea de turism, dar \u0219i mai important a participat de la reconstruc\u021bia \u0219i modernizarea vilei, la formarea echipei, la alegerea meniului, preg\u0103tirea ofertelor \u0219i a m\u00e2nc\u0103rurilor, la \u00eent\u00e2mpinarea \u0219i servirea clien\u021bilor&#8230; lucr\u00e2nd \u00een posturi diferite a putut \u00een\u021belege mai bine necesit\u0103\u021bile clientului, dar \u0219i a celor ce muncesc, ca s\u0103 le \u00eendeplineasc\u0103 dorin\u021bele.<\/p>\nShe started taking on different courses, the latest one on confectionery: she discovered she likes adapting recipes according to the guests' desires, to always make something new.<br>\nForeign languages spoken: Italian, English, French (medium level).<br>\nHer hobbies include gardening and poetry reading.<br>\nShe is determined to find beauty in everything.\n<p>&nbsp;<\/p>\n<figure itemscope=\"\" itemtype=\"https:\/\/schema.org\/ImageObject\">\n\t\t\t\t<img decoding=\"async\" src=\"https:\/\/castelulmaria.ro\/wp-content\/uploads\/2025\/11\/carlo-1024x685.jpg\" alt=\"carlo\" height=\"685\" width=\"1024\" title=\"carlo\" onerror=\"this.style.display='none'\" loading=\"lazy\">\n\t<\/figure>\n\t<p>Carlo, investor and manager, with Italian origins, is always stressing the importance of good quality. His former activity was commerce, so he uses that experience to its best when looking for the freshest ingredients for the restaurant, checking out local producers as well as international ones. He is convinced that high-quality ingredients are the key to good taste, even when prepared in a simple way.<\/p>\n<p>&nbsp;<\/p>\n\t<p>Since Maria Castle opened, we have collaborated with many people from whom we have learned a lot. At the reception and serving, in the kitchen or cleaning, gardening and animal care, we work and have worked with diverse people, whom we thank.<\/p>\n<p>We have formed and maintained friendships and fond memories with Tanti Camelia, Armela, Codru\u021ba, Ani\u0219oara, Bianca, Ramona, Liliana, Silvia, Septi, Mirela, Dorina, Alexandru, just a few of the people who have been with us for a long time.<\/p>\n<p>We thank everyone!<\/p>\n\t<h2>The Castle's Story<\/h2>\n\t\n<p>Demult, tare demult, tr\u0103ia un boier care \u00ee\u0219i dorea din tot sufletul s\u0103 g\u0103seasc\u0103 un loc \u00een care fericirea, lini\u0219tea \u0219i frumuse\u021bea s\u0103 locuiasc\u0103 \u00eempreun\u0103. Mult a mai umblat boierul, prin \u021b\u0103ri str\u0103ine a colindat, mereu cu visul \u00een minte a c\u0103utat \u00eenv\u0103\u021b\u0103tur\u0103 \u00een cele mai bune \u0219coli ale vremii.La timpul potrivit, c\u00e2nd era deja tob\u0103 de carte,&nbsp;a g\u0103sit locul fermecat \u00eentr-o \u021bar\u0103 duioas\u0103,&nbsp;la marginea unui sat \u00eenconjurat de p\u0103duri. Aici a hot\u0103r\u00e2t s\u0103 ridice o cas\u0103 precum un castel, &nbsp;frumoas\u0103 cum nu s-a mai v\u0103zut p\u00e2n\u0103 atunci. Casa trebuia s\u0103 fie construit\u0103 numai din blocuri mari de piatr\u0103, ca s\u0103 fie trainic\u0103 \u0219i trebuia s\u0103 fie cea mai \u00eenalt\u0103 din sat, a\u0219a cum erau \u0219i sentimentele ce avea s\u0103 le ad\u0103posteasc\u0103. Gr\u0103dina care o \u00eenconjura trebuia s\u0103 aib\u0103 ca prieten\u0103 natura, brazii \u0219i stejarii s\u0103 nu lase s\u0103 treac\u0103 relele, trandafirii s\u0103 aduc\u0103 miresme \u0219i culoare, lalelele fericire, iar livada s\u0103 aduc\u0103 bel\u0219ug tot anul.<\/p>\n<p>Boierul avea un caracter puternic \u0219i&nbsp;un nume la fel de puternic: Vlad. C\u00e2nd \u0219i-a adunat toate for\u021bele visul s-a \u0219i f\u0103cut realitate \u0219i s-a ridicat aceast\u0103 cas\u0103 din piatr\u0103. Iarba a \u00eenverzit \u0219i din p\u0103m\u00e2nt copaci falnici au prins a cre\u0219te. La capetele incanta\u021biilor magice, s-au \u00een\u0103l\u021bat ziduri verzii \u0219i vii, iar la intrare, o poart\u0103 mare de fier.<\/p>\n<p>Vremuri tulburi au venit. Vremuri \u00een care himere \u00eensetate luau ceea ce era de drept a altora \u0219i se hr\u0103neau cu puterea lor, vremuri pline de fric\u0103, care au f\u0103cut \u021bara iubit\u0103 s\u0103 semene cu o \u00eenchisoare. Boierul \u00een\u021belept a dorit s\u0103 p\u0103streze ceea ce a cl\u0103dit cu at\u00e2ta dragoste, de aceea casa visat\u0103 a l\u0103sat-o s\u0103 fie aproape la fel de \u00eenalt\u0103 ca cele din jur, pentru a nu fi v\u0103zut\u0103 de for\u021bele rele ce b\u00e2ntuiau. A \u00eemp\u0103r\u021bit din p\u0103m\u00e2nturi apropia\u021bilor s\u0103i pentru a nu st\u00e2rni r\u0103utatea \u0219i invidia &nbsp;acelora\u0219i for\u021be. A p\u0103strat doar at\u00e2t din gr\u0103din\u0103 c\u00e2t s\u0103 se simt\u0103 &nbsp;ocrotit \u0219i a l\u0103sat&nbsp;turnul la care nu a putut renun\u021ba. Lini\u0219tea, fericirea \u0219i armonia s-au ad\u0103postit aici, iar gr\u0103dina a fost loc de joac\u0103 \u0219i de bucurie pentru copiii lui, apoi \u0219i pentru nepo\u021bi \u0219i pentru str\u0103nepo\u021bi &#8230;<\/p>\n<p>Timpul trecea \u0219i boierul cu un ochi r\u00e2dea \u0219i se veselea uit\u00e2ndu-se la minun\u0103\u021bia ce o cl\u0103dise \u0219i cu un ochi &nbsp;pl\u00e2ngea g\u00e2ndindu-se c\u0103 ar fi putut fi &#8222;mult mai luminoas\u0103 \u0219i mult mai frumoas\u0103&#8221;. Am\u0103r\u0103ciunea&nbsp;l-a cuprins, \u0219i, pentru a nu o r\u0103sp\u00e2ndi, \u00eentr-o bun\u0103 zi s-a stins l\u0103s\u00e2nd totul \u00een grija nepo\u021bilor. Ace\u0219tia trebuiau s-o p\u0103zeasc\u0103 \u0219i s-o \u00eengrijeasc\u0103 astfel \u00eenc\u00e2t totdeauna aici s\u0103 \u00ee\u0219i g\u0103seasc\u0103 locul cele mai nobile sentimente. Nu era lucru u\u0219or, erau mul\u021bi \u0219i to\u021bi o iubeau \u0219i o doreau. Pentru ca s\u0103 nu devin\u0103 &#8222;m\u0103rul discordiei&#8221; urma\u0219ii au hot\u0103r\u00e2t s\u0103 o dea celui care le va \u00eendeplini trei dorin\u021be: s\u0103 o \u00eenal\u021be a\u0219a cum \u0219i-ar fi dorit bunicul, s\u0103 nu distrug\u0103 nimic, doar s\u0103 sporeasc\u0103 \u00een frumuse\u021be \u0219i s\u0103 p\u0103streze locul&nbsp;\u00een a\u0219a fel \u00eenc\u00e2t lini\u0219tea, armonia \u0219i dragostea s\u0103 nu plece niciodat\u0103.<\/p>\n<p>Years passed, the garden began to grow with ups and downs, and the castle, as they called it in the village, began to look sad and abandoned. Just at the right time, a simple girl appeared, so simple that only she could make a big dream come true, the nobleman's dream. Helped by kind-hearted people, craftsmen, and the power of love, for five years the girl made sure that everything was as it should be. She would never have succeeded if a gentleman from Latin lands had not come with his vitality and clear mind to guide and support her. Only then was Maria Castle ready to welcome guests.<\/p>\n<p>Greul abia de aici a \u00eenceput: oaspe\u021bii a\u0219teptau s\u0103 fie servi\u021bi nu doar cu m\u00e2nc\u0103ruri alese, dar&nbsp;mai ales cu lini\u0219te, frumuse\u021be \u0219i armonie. Lucru imposibil pentru un singur om, a\u0219a c\u0103 a fost nevoie de ajutoare. Dup\u0103 lungi c\u0103ut\u0103ri a ales doar pe cei care aveau trei calit\u0103\u021bi esen\u021biale: inima curat\u0103, bucurie \u00een a fi de ajutor \u0219i dorin\u021ba de a deveni din ce \u00een ce mai buni.<\/p>\n<p>Numai \u00eempreun\u0103, uni\u021bi, puteau \u00eendeplini dorin\u021bele celor ce le treceau pragul \u0219i se puteau \u00eenfrunta cu balaurul a c\u00e2te trei sau \u0219apte capete (c\u0103ci himerele din vremurile de demult nu muriser\u0103, ci se transformaser\u0103 \u00een altele, noi). Locului \u00eei mai lipsea doar un nume &#8211; un nume protector, dar \u0219i un simbol al crea\u021biei, a\u0219a c\u0103 i s-a spus Castelul Maria, at\u00e2t dup\u0103 Sf\u00e2nta Mam\u0103 c\u00e2t \u0219i dup\u0103 rodul iubirii fetei \u0219i a domnului latin.<\/p>\n<p>Anii au trecut cu bine \u0219i de acum, cu fiecare anotimp, gr\u0103dina devine mai frumoas\u0103. \u00cen ascunzi\u0219urile ei oaspe\u021bii&nbsp;g\u0103sesc tot mai mult\u0103 lini\u0219te, \u0219i, chiar dac\u0103 la plecare fiecare ia cu sine din armonia ce domne\u0219te aici, aceasta spore\u0219te tot mai mult.<\/p>\n<p>&nbsp;<\/p>\n\t\t\t<a href=\"https:\/\/www.facebook.com\/vilacastelulmaria\" target=\"_blank\" rel=\"noopener\">\n\t\t\t\t\t\t\t<\/a>\n\t\t\t<a href=\"https:\/\/www.instagram.com\/vilacastelulmaria\/\" target=\"_blank\" rel=\"noopener\">\n\t\t\t\t\t\t\t<\/a>","protected":false},"excerpt":{"rendered":"<p>Dorim s\u0103 fim cunoscu\u021bi aici \u0219i &#8222;peste m\u0103ri \u0219i \u021b\u0103ri&#8221;, prefera\u021bi ca un loc \u00een care po\u021bi g\u0103si oric\u00e2nd buna dispozi\u021bie, lini\u0219tea, frumuse\u021bea \u0219i armonia. Misiunea noastr\u0103 este de a primi oaspe\u021bii \u00een a\u0219a fel \u00eenc\u00e2t ace\u0219tia s\u0103 g\u0103seasc\u0103 exact ce \u00ee\u0219i doresc: hran\u0103 pentru trup \u0219i lini\u0219te pentru minte. \u00cen momentul \u00een care pleac\u0103&hellip;<\/p>","protected":false},"author":1,"featured_media":114,"parent":0,"menu_order":0,"comment_status":"closed","ping_status":"closed","template":"","meta":{"footnotes":""},"class_list":["post-98","page","type-page","status-publish","has-post-thumbnail","hentry"],"yoast_head":"<!-- This site is optimized with the Yoast SEO plugin v27.2 - https:\/\/yoast.com\/product\/yoast-seo-wordpress\/ -->\n<title>Despre noi - Castelul Maria<\/title>\n<meta name=\"description\" content=\"Misiunea noastr\u0103 este de a primi oaspe\u021bii \u00een a\u0219a fel \u00eenc\u00e2t ace\u0219tia s\u0103 g\u0103seasc\u0103 hran\u0103 pentru trup \u0219i lini\u0219te pentru minte. Castelul Maria, Romania, Transilvania, Hunedoara.\" \/>\n<meta name=\"robots\" content=\"index, follow, max-snippet:-1, max-image-preview:large, max-video-preview:-1\" \/>\n<link rel=\"canonical\" href=\"https:\/\/castelulmaria.ro\/en\/despre-noi\/\" \/>\n<meta property=\"og:locale\" content=\"en_US\" \/>\n<meta property=\"og:type\" content=\"article\" \/>\n<meta property=\"og:title\" content=\"Despre noi - Castelul Maria\" \/>\n<meta property=\"og:description\" content=\"Misiunea noastr\u0103 este de a primi oaspe\u021bii \u00een a\u0219a fel \u00eenc\u00e2t ace\u0219tia s\u0103 g\u0103seasc\u0103 hran\u0103 pentru trup \u0219i lini\u0219te pentru minte. Castelul Maria, Romania, Transilvania, Hunedoara.\" \/>\n<meta property=\"og:url\" content=\"https:\/\/castelulmaria.ro\/en\/despre-noi\/\" \/>\n<meta property=\"og:site_name\" content=\"Castelul Maria\" \/>\n<meta property=\"article:publisher\" content=\"https:\/\/www.facebook.com\/vilacastelulmaria\/\" \/>\n<meta property=\"article:modified_time\" content=\"2026-01-28T10:28:12+00:00\" \/>\n<meta property=\"og:image\" content=\"https:\/\/castelulmaria.ro\/wp-content\/uploads\/2025\/11\/1-DSC_0856-scaled.jpg\" \/>\n\t<meta property=\"og:image:width\" content=\"2560\" \/>\n\t<meta property=\"og:image:height\" content=\"1707\" \/>\n\t<meta property=\"og:image:type\" content=\"image\/jpeg\" \/>\n<meta name=\"twitter:card\" content=\"summary_large_image\" \/>\n<meta name=\"twitter:label1\" content=\"Est. reading time\" \/>\n\t<meta name=\"twitter:data1\" content=\"8 minutes\" \/>\n<script type=\"application\/ld+json\" class=\"yoast-schema-graph\">{\"@context\":\"https:\/\/schema.org\",\"@graph\":[{\"@type\":\"WebPage\",\"@id\":\"https:\/\/castelulmaria.ro\/despre-noi\/\",\"url\":\"https:\/\/castelulmaria.ro\/despre-noi\/\",\"name\":\"Despre noi - Castelul Maria\",\"isPartOf\":{\"@id\":\"https:\/\/snow-grasshopper-269883.hostingersite.com\/#website\"},\"primaryImageOfPage\":{\"@id\":\"https:\/\/castelulmaria.ro\/despre-noi\/#primaryimage\"},\"image\":{\"@id\":\"https:\/\/castelulmaria.ro\/despre-noi\/#primaryimage\"},\"thumbnailUrl\":\"https:\/\/castelulmaria.ro\/wp-content\/uploads\/2025\/11\/1-DSC_0856-scaled.jpg\",\"datePublished\":\"2025-11-10T15:15:06+00:00\",\"dateModified\":\"2026-01-28T10:28:12+00:00\",\"description\":\"Misiunea noastr\u0103 este de a primi oaspe\u021bii \u00een a\u0219a fel \u00eenc\u00e2t ace\u0219tia s\u0103 g\u0103seasc\u0103 hran\u0103 pentru trup \u0219i lini\u0219te pentru minte. Castelul Maria, Romania, Transilvania, Hunedoara.\",\"breadcrumb\":{\"@id\":\"https:\/\/castelulmaria.ro\/despre-noi\/#breadcrumb\"},\"inLanguage\":\"en-US\",\"potentialAction\":[{\"@type\":\"ReadAction\",\"target\":[\"https:\/\/castelulmaria.ro\/despre-noi\/\"]}]},{\"@type\":\"ImageObject\",\"inLanguage\":\"en-US\",\"@id\":\"https:\/\/castelulmaria.ro\/despre-noi\/#primaryimage\",\"url\":\"https:\/\/castelulmaria.ro\/wp-content\/uploads\/2025\/11\/1-DSC_0856-scaled.jpg\",\"contentUrl\":\"https:\/\/castelulmaria.ro\/wp-content\/uploads\/2025\/11\/1-DSC_0856-scaled.jpg\",\"width\":2560,\"height\":1707},{\"@type\":\"BreadcrumbList\",\"@id\":\"https:\/\/castelulmaria.ro\/despre-noi\/#breadcrumb\",\"itemListElement\":[{\"@type\":\"ListItem\",\"position\":1,\"name\":\"Prima pagin\u0103\",\"item\":\"https:\/\/castelulmaria.ro\/\"},{\"@type\":\"ListItem\",\"position\":2,\"name\":\"Despre noi\"}]},{\"@type\":\"WebSite\",\"@id\":\"https:\/\/snow-grasshopper-269883.hostingersite.com\/#website\",\"url\":\"https:\/\/snow-grasshopper-269883.hostingersite.com\/\",\"name\":\"Castelul Maria\",\"description\":\"Cazare in Transilvania\",\"potentialAction\":[{\"@type\":\"SearchAction\",\"target\":{\"@type\":\"EntryPoint\",\"urlTemplate\":\"https:\/\/snow-grasshopper-269883.hostingersite.com\/?s={search_term_string}\"},\"query-input\":{\"@type\":\"PropertyValueSpecification\",\"valueRequired\":true,\"valueName\":\"search_term_string\"}}],\"inLanguage\":\"en-US\"}]}<\/script>\n<!-- \/ Yoast SEO plugin. -->","yoast_head_json":{"title":"Despre noi - Castelul Maria","description":"Misiunea noastr\u0103 este de a primi oaspe\u021bii \u00een a\u0219a fel \u00eenc\u00e2t ace\u0219tia s\u0103 g\u0103seasc\u0103 hran\u0103 pentru trup \u0219i lini\u0219te pentru minte. Castelul Maria, Romania, Transilvania, Hunedoara.","robots":{"index":"index","follow":"follow","max-snippet":"max-snippet:-1","max-image-preview":"max-image-preview:large","max-video-preview":"max-video-preview:-1"},"canonical":"https:\/\/castelulmaria.ro\/en\/despre-noi\/","og_locale":"en_US","og_type":"article","og_title":"Despre noi - Castelul Maria","og_description":"Misiunea noastr\u0103 este de a primi oaspe\u021bii \u00een a\u0219a fel \u00eenc\u00e2t ace\u0219tia s\u0103 g\u0103seasc\u0103 hran\u0103 pentru trup \u0219i lini\u0219te pentru minte. Castelul Maria, Romania, Transilvania, Hunedoara.","og_url":"https:\/\/castelulmaria.ro\/en\/despre-noi\/","og_site_name":"Castelul Maria","article_publisher":"https:\/\/www.facebook.com\/vilacastelulmaria\/","article_modified_time":"2026-01-28T10:28:12+00:00","og_image":[{"width":2560,"height":1707,"url":"https:\/\/castelulmaria.ro\/wp-content\/uploads\/2025\/11\/1-DSC_0856-scaled.jpg","type":"image\/jpeg"}],"twitter_card":"summary_large_image","twitter_misc":{"Est. reading time":"8 minutes"},"schema":{"@context":"https:\/\/schema.org","@graph":[{"@type":"WebPage","@id":"https:\/\/castelulmaria.ro\/despre-noi\/","url":"https:\/\/castelulmaria.ro\/despre-noi\/","name":"Despre noi - Castelul Maria","isPartOf":{"@id":"https:\/\/snow-grasshopper-269883.hostingersite.com\/#website"},"primaryImageOfPage":{"@id":"https:\/\/castelulmaria.ro\/despre-noi\/#primaryimage"},"image":{"@id":"https:\/\/castelulmaria.ro\/despre-noi\/#primaryimage"},"thumbnailUrl":"https:\/\/castelulmaria.ro\/wp-content\/uploads\/2025\/11\/1-DSC_0856-scaled.jpg","datePublished":"2025-11-10T15:15:06+00:00","dateModified":"2026-01-28T10:28:12+00:00","description":"Misiunea noastr\u0103 este de a primi oaspe\u021bii \u00een a\u0219a fel \u00eenc\u00e2t ace\u0219tia s\u0103 g\u0103seasc\u0103 hran\u0103 pentru trup \u0219i lini\u0219te pentru minte. Castelul Maria, Romania, Transilvania, Hunedoara.","breadcrumb":{"@id":"https:\/\/castelulmaria.ro\/despre-noi\/#breadcrumb"},"inLanguage":"en-US","potentialAction":[{"@type":"ReadAction","target":["https:\/\/castelulmaria.ro\/despre-noi\/"]}]},{"@type":"ImageObject","inLanguage":"en-US","@id":"https:\/\/castelulmaria.ro\/despre-noi\/#primaryimage","url":"https:\/\/castelulmaria.ro\/wp-content\/uploads\/2025\/11\/1-DSC_0856-scaled.jpg","contentUrl":"https:\/\/castelulmaria.ro\/wp-content\/uploads\/2025\/11\/1-DSC_0856-scaled.jpg","width":2560,"height":1707},{"@type":"BreadcrumbList","@id":"https:\/\/castelulmaria.ro\/despre-noi\/#breadcrumb","itemListElement":[{"@type":"ListItem","position":1,"name":"Prima pagin\u0103","item":"https:\/\/castelulmaria.ro\/"},{"@type":"ListItem","position":2,"name":"Despre noi"}]},{"@type":"WebSite","@id":"https:\/\/snow-grasshopper-269883.hostingersite.com\/#website","url":"https:\/\/snow-grasshopper-269883.hostingersite.com\/","name":"Castelul Maria","description":"Cazare in Transilvania","potentialAction":[{"@type":"SearchAction","target":{"@type":"EntryPoint","urlTemplate":"https:\/\/snow-grasshopper-269883.hostingersite.com\/?s={search_term_string}"},"query-input":{"@type":"PropertyValueSpecification","valueRequired":true,"valueName":"search_term_string"}}],"inLanguage":"en-US"}]}},"jetpack_sharing_enabled":true,"_links":{"self":[{"href":"https:\/\/castelulmaria.ro\/en\/wp-json\/wp\/v2\/pages\/98","targetHints":{"allow":["GET"]}}],"collection":[{"href":"https:\/\/castelulmaria.ro\/en\/wp-json\/wp\/v2\/pages"}],"about":[{"href":"https:\/\/castelulmaria.ro\/en\/wp-json\/wp\/v2\/types\/page"}],"author":[{"embeddable":true,"href":"https:\/\/castelulmaria.ro\/en\/wp-json\/wp\/v2\/users\/1"}],"replies":[{"embeddable":true,"href":"https:\/\/castelulmaria.ro\/en\/wp-json\/wp\/v2\/comments?post=98"}],"version-history":[{"count":8,"href":"https:\/\/castelulmaria.ro\/en\/wp-json\/wp\/v2\/pages\/98\/revisions"}],"predecessor-version":[{"id":454,"href":"https:\/\/castelulmaria.ro\/en\/wp-json\/wp\/v2\/pages\/98\/revisions\/454"}],"wp:featuredmedia":[{"embeddable":true,"href":"https:\/\/castelulmaria.ro\/en\/wp-json\/wp\/v2\/media\/114"}],"wp:attachment":[{"href":"https:\/\/castelulmaria.ro\/en\/wp-json\/wp\/v2\/media?parent=98"}],"curies":[{"name":"wp","href":"https:\/\/api.w.org\/{rel}","templated":true}]}}